{"id":1255,"date":"2023-12-06T11:48:51","date_gmt":"2023-12-06T10:48:51","guid":{"rendered":"https:\/\/perfectstay.nfhotel.usermd.net\/?page_id=1255"},"modified":"2024-11-20T12:41:56","modified_gmt":"2024-11-20T11:41:56","slug":"wspolpraca","status":"publish","type":"page","link":"https:\/\/perfectstay.pl\/de\/wspolpraca\/","title":{"rendered":"Zusammenarbeit"},"content":{"rendered":"","protected":false},"excerpt":{"rendered":"","protected":false},"author":3,"featured_media":1431,"parent":0,"menu_order":0,"comment_status":"closed","ping_status":"closed","template":"","meta":{"_acf_changed":false,"footnotes":""},"class_list":["post-1255","page","type-page","status-publish","has-post-thumbnail","hentry"],"acf":[],"yoast_head":"<!-- This site is optimized with the Yoast SEO plugin v25.2 - https:\/\/yoast.com\/wordpress\/plugins\/seo\/ -->\n<title>Wsp\u00f3\u0142praca - Perfect Stay - Apartamenty w Toruniu<\/title>\n<meta name=\"description\" content=\"W Perfect Stay dbamy o to, by Tw\u00f3j pobyt by\u0142 wyj\u0105tkowy od momentu przyjazdu, a\u017c do ostatniej chwili. Specjalizujemy si\u0119 w zapewnianiu wyj\u0105tkowych do\u015bwiadcze\u0144 go\u015bcinno\u015bci, dbaj\u0105c o ka\u017cdy szczeg\u00f3\u0142 Twojej wizyty.\" \/>\n<meta name=\"robots\" content=\"index, follow, max-snippet:-1, max-image-preview:large, max-video-preview:-1\" \/>\n<link rel=\"canonical\" href=\"https:\/\/perfectstay.pl\/de\/wspolpraca\/\" \/>\n<meta property=\"og:locale\" content=\"de_DE\" \/>\n<meta property=\"og:type\" content=\"article\" \/>\n<meta property=\"og:title\" content=\"Wsp\u00f3\u0142praca - Perfect Stay - Apartamenty w Toruniu\" \/>\n<meta property=\"og:description\" content=\"W Perfect Stay dbamy o to, by Tw\u00f3j pobyt by\u0142 wyj\u0105tkowy od momentu przyjazdu, a\u017c do ostatniej chwili. Specjalizujemy si\u0119 w zapewnianiu wyj\u0105tkowych do\u015bwiadcze\u0144 go\u015bcinno\u015bci, dbaj\u0105c o ka\u017cdy szczeg\u00f3\u0142 Twojej wizyty.\" \/>\n<meta property=\"og:url\" content=\"https:\/\/perfectstay.pl\/de\/wspolpraca\/\" \/>\n<meta property=\"og:site_name\" content=\"Perfect Stay\" \/>\n<meta property=\"article:modified_time\" content=\"2024-11-20T11:41:56+00:00\" \/>\n<meta property=\"og:image\" content=\"https:\/\/perfectstay.pl\/wp-content\/uploads\/2024\/11\/top-wspolpraca-scaled-e1732273954655.jpg\" \/>\n\t<meta property=\"og:image:width\" content=\"2560\" \/>\n\t<meta property=\"og:image:height\" content=\"810\" \/>\n\t<meta property=\"og:image:type\" content=\"image\/jpeg\" \/>\n<meta name=\"twitter:card\" content=\"summary_large_image\" \/>\n<meta name=\"twitter:label1\" content=\"Gesch\u00e4tzte Lesezeit\" \/>\n\t<meta name=\"twitter:data1\" content=\"2\u00a0Minuten\" \/>\n<script type=\"application\/ld+json\" class=\"yoast-schema-graph\">{\"@context\":\"https:\/\/schema.org\",\"@graph\":[{\"@type\":\"WebPage\",\"@id\":\"https:\/\/perfectstay.pl\/wspolpraca\/\",\"url\":\"https:\/\/perfectstay.pl\/wspolpraca\/\",\"name\":\"Wsp\u00f3\u0142praca - Perfect Stay - Apartamenty w Toruniu\",\"isPartOf\":{\"@id\":\"https:\/\/perfectstay.pl\/#website\"},\"primaryImageOfPage\":{\"@id\":\"https:\/\/perfectstay.pl\/wspolpraca\/#primaryimage\"},\"image\":{\"@id\":\"https:\/\/perfectstay.pl\/wspolpraca\/#primaryimage\"},\"thumbnailUrl\":\"https:\/\/perfectstay.pl\/wp-content\/uploads\/2024\/11\/top-wspolpraca-scaled-e1732273954655.jpg\",\"datePublished\":\"2023-12-06T10:48:51+00:00\",\"dateModified\":\"2024-11-20T11:41:56+00:00\",\"description\":\"W Perfect Stay dbamy o to, by Tw\u00f3j pobyt by\u0142 wyj\u0105tkowy od momentu przyjazdu, a\u017c do ostatniej chwili. Specjalizujemy si\u0119 w zapewnianiu wyj\u0105tkowych do\u015bwiadcze\u0144 go\u015bcinno\u015bci, dbaj\u0105c o ka\u017cdy szczeg\u00f3\u0142 Twojej wizyty.\",\"breadcrumb\":{\"@id\":\"https:\/\/perfectstay.pl\/wspolpraca\/#breadcrumb\"},\"inLanguage\":\"de\",\"potentialAction\":[{\"@type\":\"ReadAction\",\"target\":[\"https:\/\/perfectstay.pl\/wspolpraca\/\"]}]},{\"@type\":\"ImageObject\",\"inLanguage\":\"de\",\"@id\":\"https:\/\/perfectstay.pl\/wspolpraca\/#primaryimage\",\"url\":\"https:\/\/perfectstay.pl\/wp-content\/uploads\/2024\/11\/top-wspolpraca-scaled-e1732273954655.jpg\",\"contentUrl\":\"https:\/\/perfectstay.pl\/wp-content\/uploads\/2024\/11\/top-wspolpraca-scaled-e1732273954655.jpg\",\"width\":2560,\"height\":810},{\"@type\":\"BreadcrumbList\",\"@id\":\"https:\/\/perfectstay.pl\/wspolpraca\/#breadcrumb\",\"itemListElement\":[{\"@type\":\"ListItem\",\"position\":1,\"name\":\"Strona g\u0142\u00f3wna\",\"item\":\"https:\/\/perfectstay.pl\/\"},{\"@type\":\"ListItem\",\"position\":2,\"name\":\"Wsp\u00f3\u0142praca\"}]},{\"@type\":\"WebSite\",\"@id\":\"https:\/\/perfectstay.pl\/#website\",\"url\":\"https:\/\/perfectstay.pl\/\",\"name\":\"Perfect Stay\",\"description\":\"Apartamenty w Toruniu\",\"potentialAction\":[{\"@type\":\"SearchAction\",\"target\":{\"@type\":\"EntryPoint\",\"urlTemplate\":\"https:\/\/perfectstay.pl\/?s={search_term_string}\"},\"query-input\":{\"@type\":\"PropertyValueSpecification\",\"valueRequired\":true,\"valueName\":\"search_term_string\"}}],\"inLanguage\":\"de\"}]}<\/script>\n<!-- \/ Yoast SEO plugin. -->","yoast_head_json":{"title":"Wsp\u00f3\u0142praca - Perfect Stay - Apartamenty w Toruniu","description":"W Perfect Stay dbamy o to, by Tw\u00f3j pobyt by\u0142 wyj\u0105tkowy od momentu przyjazdu, a\u017c do ostatniej chwili. Specjalizujemy si\u0119 w zapewnianiu wyj\u0105tkowych do\u015bwiadcze\u0144 go\u015bcinno\u015bci, dbaj\u0105c o ka\u017cdy szczeg\u00f3\u0142 Twojej wizyty.","robots":{"index":"index","follow":"follow","max-snippet":"max-snippet:-1","max-image-preview":"max-image-preview:large","max-video-preview":"max-video-preview:-1"},"canonical":"https:\/\/perfectstay.pl\/de\/wspolpraca\/","og_locale":"de_DE","og_type":"article","og_title":"Wsp\u00f3\u0142praca - Perfect Stay - Apartamenty w Toruniu","og_description":"W Perfect Stay dbamy o to, by Tw\u00f3j pobyt by\u0142 wyj\u0105tkowy od momentu przyjazdu, a\u017c do ostatniej chwili. Specjalizujemy si\u0119 w zapewnianiu wyj\u0105tkowych do\u015bwiadcze\u0144 go\u015bcinno\u015bci, dbaj\u0105c o ka\u017cdy szczeg\u00f3\u0142 Twojej wizyty.","og_url":"https:\/\/perfectstay.pl\/de\/wspolpraca\/","og_site_name":"Perfect Stay","article_modified_time":"2024-11-20T11:41:56+00:00","og_image":[{"width":2560,"height":810,"url":"https:\/\/perfectstay.pl\/wp-content\/uploads\/2024\/11\/top-wspolpraca-scaled-e1732273954655.jpg","type":"image\/jpeg"}],"twitter_card":"summary_large_image","twitter_misc":{"Gesch\u00e4tzte Lesezeit":"2\u00a0Minuten"},"schema":{"@context":"https:\/\/schema.org","@graph":[{"@type":"WebPage","@id":"https:\/\/perfectstay.pl\/wspolpraca\/","url":"https:\/\/perfectstay.pl\/wspolpraca\/","name":"Wsp\u00f3\u0142praca - Perfect Stay - Apartamenty w Toruniu","isPartOf":{"@id":"https:\/\/perfectstay.pl\/#website"},"primaryImageOfPage":{"@id":"https:\/\/perfectstay.pl\/wspolpraca\/#primaryimage"},"image":{"@id":"https:\/\/perfectstay.pl\/wspolpraca\/#primaryimage"},"thumbnailUrl":"https:\/\/perfectstay.pl\/wp-content\/uploads\/2024\/11\/top-wspolpraca-scaled-e1732273954655.jpg","datePublished":"2023-12-06T10:48:51+00:00","dateModified":"2024-11-20T11:41:56+00:00","description":"W Perfect Stay dbamy o to, by Tw\u00f3j pobyt by\u0142 wyj\u0105tkowy od momentu przyjazdu, a\u017c do ostatniej chwili. Specjalizujemy si\u0119 w zapewnianiu wyj\u0105tkowych do\u015bwiadcze\u0144 go\u015bcinno\u015bci, dbaj\u0105c o ka\u017cdy szczeg\u00f3\u0142 Twojej wizyty.","breadcrumb":{"@id":"https:\/\/perfectstay.pl\/wspolpraca\/#breadcrumb"},"inLanguage":"de","potentialAction":[{"@type":"ReadAction","target":["https:\/\/perfectstay.pl\/wspolpraca\/"]}]},{"@type":"ImageObject","inLanguage":"de","@id":"https:\/\/perfectstay.pl\/wspolpraca\/#primaryimage","url":"https:\/\/perfectstay.pl\/wp-content\/uploads\/2024\/11\/top-wspolpraca-scaled-e1732273954655.jpg","contentUrl":"https:\/\/perfectstay.pl\/wp-content\/uploads\/2024\/11\/top-wspolpraca-scaled-e1732273954655.jpg","width":2560,"height":810},{"@type":"BreadcrumbList","@id":"https:\/\/perfectstay.pl\/wspolpraca\/#breadcrumb","itemListElement":[{"@type":"ListItem","position":1,"name":"Strona g\u0142\u00f3wna","item":"https:\/\/perfectstay.pl\/"},{"@type":"ListItem","position":2,"name":"Wsp\u00f3\u0142praca"}]},{"@type":"WebSite","@id":"https:\/\/perfectstay.pl\/#website","url":"https:\/\/perfectstay.pl\/","name":"Perfect Stay","description":"Apartamenty w Toruniu","potentialAction":[{"@type":"SearchAction","target":{"@type":"EntryPoint","urlTemplate":"https:\/\/perfectstay.pl\/?s={search_term_string}"},"query-input":{"@type":"PropertyValueSpecification","valueRequired":true,"valueName":"search_term_string"}}],"inLanguage":"de"}]}},"_links":{"self":[{"href":"https:\/\/perfectstay.pl\/de\/wp-json\/wp\/v2\/pages\/1255","targetHints":{"allow":["GET"]}}],"collection":[{"href":"https:\/\/perfectstay.pl\/de\/wp-json\/wp\/v2\/pages"}],"about":[{"href":"https:\/\/perfectstay.pl\/de\/wp-json\/wp\/v2\/types\/page"}],"author":[{"embeddable":true,"href":"https:\/\/perfectstay.pl\/de\/wp-json\/wp\/v2\/users\/3"}],"replies":[{"embeddable":true,"href":"https:\/\/perfectstay.pl\/de\/wp-json\/wp\/v2\/comments?post=1255"}],"version-history":[{"count":8,"href":"https:\/\/perfectstay.pl\/de\/wp-json\/wp\/v2\/pages\/1255\/revisions"}],"predecessor-version":[{"id":1427,"href":"https:\/\/perfectstay.pl\/de\/wp-json\/wp\/v2\/pages\/1255\/revisions\/1427"}],"wp:featuredmedia":[{"embeddable":true,"href":"https:\/\/perfectstay.pl\/de\/wp-json\/wp\/v2\/media\/1431"}],"wp:attachment":[{"href":"https:\/\/perfectstay.pl\/de\/wp-json\/wp\/v2\/media?parent=1255"}],"curies":[{"name":"wp","href":"https:\/\/api.w.org\/{rel}","templated":true}]}}