{"id":16,"date":"2021-12-20T08:27:08","date_gmt":"2021-12-20T07:27:08","guid":{"rendered":"https:\/\/perfectstay.nfhotel.usermd.net\/?page_id=16"},"modified":"2024-04-08T14:47:35","modified_gmt":"2024-04-08T12:47:35","slug":"galeria","status":"publish","type":"page","link":"https:\/\/perfectstay.pl\/de\/galeria\/","title":{"rendered":"Galerie"},"content":{"rendered":"","protected":false},"excerpt":{"rendered":"","protected":false},"author":3,"featured_media":1347,"parent":0,"menu_order":0,"comment_status":"closed","ping_status":"closed","template":"","meta":{"_acf_changed":false,"footnotes":""},"class_list":["post-16","page","type-page","status-publish","has-post-thumbnail","hentry"],"acf":[],"yoast_head":"<!-- This site is optimized with the Yoast SEO plugin v25.2 - https:\/\/yoast.com\/wordpress\/plugins\/seo\/ -->\n<title>Galeria - Perfect Stay - Apartamenty w Toruniu<\/title>\n<meta name=\"description\" content=\"Zobacz galeri\u0119 zdj\u0119\u0107 apartament\u00f3w Perfect Stay zlokalizowanych w samym centrum Torunia.\" \/>\n<meta name=\"robots\" content=\"index, follow, max-snippet:-1, max-image-preview:large, max-video-preview:-1\" \/>\n<link rel=\"canonical\" href=\"https:\/\/perfectstay.pl\/de\/galeria\/\" \/>\n<meta property=\"og:locale\" content=\"de_DE\" \/>\n<meta property=\"og:type\" content=\"article\" \/>\n<meta property=\"og:title\" content=\"Galeria - Perfect Stay - Apartamenty w Toruniu\" \/>\n<meta property=\"og:description\" content=\"Zobacz galeri\u0119 zdj\u0119\u0107 apartament\u00f3w Perfect Stay zlokalizowanych w samym centrum Torunia.\" \/>\n<meta property=\"og:url\" content=\"https:\/\/perfectstay.pl\/de\/galeria\/\" \/>\n<meta property=\"og:site_name\" content=\"Perfect Stay\" \/>\n<meta property=\"article:modified_time\" content=\"2024-04-08T12:47:35+00:00\" \/>\n<meta property=\"og:image\" content=\"https:\/\/perfectstay.pl\/wp-content\/uploads\/2024\/04\/20240314_145515-scaled.jpg\" \/>\n\t<meta property=\"og:image:width\" content=\"2560\" \/>\n\t<meta property=\"og:image:height\" content=\"1920\" \/>\n\t<meta property=\"og:image:type\" content=\"image\/jpeg\" \/>\n<meta name=\"twitter:card\" content=\"summary_large_image\" \/>\n<meta name=\"twitter:label1\" content=\"Gesch\u00e4tzte Lesezeit\" \/>\n\t<meta name=\"twitter:data1\" content=\"2\u00a0Minuten\" \/>\n<script type=\"application\/ld+json\" class=\"yoast-schema-graph\">{\"@context\":\"https:\/\/schema.org\",\"@graph\":[{\"@type\":\"WebPage\",\"@id\":\"https:\/\/perfectstay.pl\/galeria\/\",\"url\":\"https:\/\/perfectstay.pl\/galeria\/\",\"name\":\"Galeria - Perfect Stay - Apartamenty w Toruniu\",\"isPartOf\":{\"@id\":\"https:\/\/perfectstay.pl\/#website\"},\"primaryImageOfPage\":{\"@id\":\"https:\/\/perfectstay.pl\/galeria\/#primaryimage\"},\"image\":{\"@id\":\"https:\/\/perfectstay.pl\/galeria\/#primaryimage\"},\"thumbnailUrl\":\"https:\/\/perfectstay.pl\/wp-content\/uploads\/2024\/04\/20240314_145515-scaled.jpg\",\"datePublished\":\"2021-12-20T07:27:08+00:00\",\"dateModified\":\"2024-04-08T12:47:35+00:00\",\"description\":\"Zobacz galeri\u0119 zdj\u0119\u0107 apartament\u00f3w Perfect Stay zlokalizowanych w samym centrum Torunia.\",\"breadcrumb\":{\"@id\":\"https:\/\/perfectstay.pl\/galeria\/#breadcrumb\"},\"inLanguage\":\"de\",\"potentialAction\":[{\"@type\":\"ReadAction\",\"target\":[\"https:\/\/perfectstay.pl\/galeria\/\"]}]},{\"@type\":\"ImageObject\",\"inLanguage\":\"de\",\"@id\":\"https:\/\/perfectstay.pl\/galeria\/#primaryimage\",\"url\":\"https:\/\/perfectstay.pl\/wp-content\/uploads\/2024\/04\/20240314_145515-scaled.jpg\",\"contentUrl\":\"https:\/\/perfectstay.pl\/wp-content\/uploads\/2024\/04\/20240314_145515-scaled.jpg\",\"width\":2560,\"height\":1920},{\"@type\":\"BreadcrumbList\",\"@id\":\"https:\/\/perfectstay.pl\/galeria\/#breadcrumb\",\"itemListElement\":[{\"@type\":\"ListItem\",\"position\":1,\"name\":\"Strona g\u0142\u00f3wna\",\"item\":\"https:\/\/perfectstay.pl\/\"},{\"@type\":\"ListItem\",\"position\":2,\"name\":\"Galeria\"}]},{\"@type\":\"WebSite\",\"@id\":\"https:\/\/perfectstay.pl\/#website\",\"url\":\"https:\/\/perfectstay.pl\/\",\"name\":\"Perfect Stay\",\"description\":\"Apartamenty w Toruniu\",\"potentialAction\":[{\"@type\":\"SearchAction\",\"target\":{\"@type\":\"EntryPoint\",\"urlTemplate\":\"https:\/\/perfectstay.pl\/?s={search_term_string}\"},\"query-input\":{\"@type\":\"PropertyValueSpecification\",\"valueRequired\":true,\"valueName\":\"search_term_string\"}}],\"inLanguage\":\"de\"}]}<\/script>\n<!-- \/ Yoast SEO plugin. -->","yoast_head_json":{"title":"Galeria - Perfect Stay - Apartamenty w Toruniu","description":"Zobacz galeri\u0119 zdj\u0119\u0107 apartament\u00f3w Perfect Stay zlokalizowanych w samym centrum Torunia.","robots":{"index":"index","follow":"follow","max-snippet":"max-snippet:-1","max-image-preview":"max-image-preview:large","max-video-preview":"max-video-preview:-1"},"canonical":"https:\/\/perfectstay.pl\/de\/galeria\/","og_locale":"de_DE","og_type":"article","og_title":"Galeria - Perfect Stay - Apartamenty w Toruniu","og_description":"Zobacz galeri\u0119 zdj\u0119\u0107 apartament\u00f3w Perfect Stay zlokalizowanych w samym centrum Torunia.","og_url":"https:\/\/perfectstay.pl\/de\/galeria\/","og_site_name":"Perfect Stay","article_modified_time":"2024-04-08T12:47:35+00:00","og_image":[{"width":2560,"height":1920,"url":"https:\/\/perfectstay.pl\/wp-content\/uploads\/2024\/04\/20240314_145515-scaled.jpg","type":"image\/jpeg"}],"twitter_card":"summary_large_image","twitter_misc":{"Gesch\u00e4tzte Lesezeit":"2\u00a0Minuten"},"schema":{"@context":"https:\/\/schema.org","@graph":[{"@type":"WebPage","@id":"https:\/\/perfectstay.pl\/galeria\/","url":"https:\/\/perfectstay.pl\/galeria\/","name":"Galeria - Perfect Stay - Apartamenty w Toruniu","isPartOf":{"@id":"https:\/\/perfectstay.pl\/#website"},"primaryImageOfPage":{"@id":"https:\/\/perfectstay.pl\/galeria\/#primaryimage"},"image":{"@id":"https:\/\/perfectstay.pl\/galeria\/#primaryimage"},"thumbnailUrl":"https:\/\/perfectstay.pl\/wp-content\/uploads\/2024\/04\/20240314_145515-scaled.jpg","datePublished":"2021-12-20T07:27:08+00:00","dateModified":"2024-04-08T12:47:35+00:00","description":"Zobacz galeri\u0119 zdj\u0119\u0107 apartament\u00f3w Perfect Stay zlokalizowanych w samym centrum Torunia.","breadcrumb":{"@id":"https:\/\/perfectstay.pl\/galeria\/#breadcrumb"},"inLanguage":"de","potentialAction":[{"@type":"ReadAction","target":["https:\/\/perfectstay.pl\/galeria\/"]}]},{"@type":"ImageObject","inLanguage":"de","@id":"https:\/\/perfectstay.pl\/galeria\/#primaryimage","url":"https:\/\/perfectstay.pl\/wp-content\/uploads\/2024\/04\/20240314_145515-scaled.jpg","contentUrl":"https:\/\/perfectstay.pl\/wp-content\/uploads\/2024\/04\/20240314_145515-scaled.jpg","width":2560,"height":1920},{"@type":"BreadcrumbList","@id":"https:\/\/perfectstay.pl\/galeria\/#breadcrumb","itemListElement":[{"@type":"ListItem","position":1,"name":"Strona g\u0142\u00f3wna","item":"https:\/\/perfectstay.pl\/"},{"@type":"ListItem","position":2,"name":"Galeria"}]},{"@type":"WebSite","@id":"https:\/\/perfectstay.pl\/#website","url":"https:\/\/perfectstay.pl\/","name":"Perfect Stay","description":"Apartamenty w Toruniu","potentialAction":[{"@type":"SearchAction","target":{"@type":"EntryPoint","urlTemplate":"https:\/\/perfectstay.pl\/?s={search_term_string}"},"query-input":{"@type":"PropertyValueSpecification","valueRequired":true,"valueName":"search_term_string"}}],"inLanguage":"de"}]}},"_links":{"self":[{"href":"https:\/\/perfectstay.pl\/de\/wp-json\/wp\/v2\/pages\/16","targetHints":{"allow":["GET"]}}],"collection":[{"href":"https:\/\/perfectstay.pl\/de\/wp-json\/wp\/v2\/pages"}],"about":[{"href":"https:\/\/perfectstay.pl\/de\/wp-json\/wp\/v2\/types\/page"}],"author":[{"embeddable":true,"href":"https:\/\/perfectstay.pl\/de\/wp-json\/wp\/v2\/users\/3"}],"replies":[{"embeddable":true,"href":"https:\/\/perfectstay.pl\/de\/wp-json\/wp\/v2\/comments?post=16"}],"version-history":[{"count":51,"href":"https:\/\/perfectstay.pl\/de\/wp-json\/wp\/v2\/pages\/16\/revisions"}],"predecessor-version":[{"id":1373,"href":"https:\/\/perfectstay.pl\/de\/wp-json\/wp\/v2\/pages\/16\/revisions\/1373"}],"wp:featuredmedia":[{"embeddable":true,"href":"https:\/\/perfectstay.pl\/de\/wp-json\/wp\/v2\/media\/1347"}],"wp:attachment":[{"href":"https:\/\/perfectstay.pl\/de\/wp-json\/wp\/v2\/media?parent=16"}],"curies":[{"name":"wp","href":"https:\/\/api.w.org\/{rel}","templated":true}]}}