{"id":416,"date":"2022-02-02T10:36:34","date_gmt":"2022-02-02T09:36:34","guid":{"rendered":"https:\/\/perfectstay.nfhotel.usermd.net\/?page_id=416"},"modified":"2024-11-15T10:14:13","modified_gmt":"2024-11-15T09:14:13","slug":"atrakcje","status":"publish","type":"page","link":"https:\/\/perfectstay.pl\/de\/atrakcje\/","title":{"rendered":"Attraktionen"},"content":{"rendered":"","protected":false},"excerpt":{"rendered":"","protected":false},"author":3,"featured_media":1325,"parent":0,"menu_order":0,"comment_status":"closed","ping_status":"closed","template":"","meta":{"_acf_changed":false,"footnotes":""},"class_list":["post-416","page","type-page","status-publish","has-post-thumbnail","hentry"],"acf":[],"yoast_head":"<!-- This site is optimized with the Yoast SEO plugin v25.2 - https:\/\/yoast.com\/wordpress\/plugins\/seo\/ -->\n<title>Atrakcje - Perfect Stay - Apartamenty w Toruniu<\/title>\n<meta name=\"description\" content=\"W Perfect Stay dbamy o to, by Tw\u00f3j pobyt by\u0142 wyj\u0105tkowy od momentu przyjazdu, a\u017c do ostatniej chwili. Specjalizujemy si\u0119 w zapewnianiu wyj\u0105tkowych do\u015bwiadcze\u0144 go\u015bcinno\u015bci, dbaj\u0105c o ka\u017cdy szczeg\u00f3\u0142 Twojej wizyty.\" \/>\n<meta name=\"robots\" content=\"index, follow, max-snippet:-1, max-image-preview:large, max-video-preview:-1\" \/>\n<link rel=\"canonical\" href=\"https:\/\/perfectstay.pl\/de\/atrakcje\/\" \/>\n<meta property=\"og:locale\" content=\"de_DE\" \/>\n<meta property=\"og:type\" content=\"article\" \/>\n<meta property=\"og:title\" content=\"Atrakcje - Perfect Stay - Apartamenty w Toruniu\" \/>\n<meta property=\"og:description\" content=\"W Perfect Stay dbamy o to, by Tw\u00f3j pobyt by\u0142 wyj\u0105tkowy od momentu przyjazdu, a\u017c do ostatniej chwili. Specjalizujemy si\u0119 w zapewnianiu wyj\u0105tkowych do\u015bwiadcze\u0144 go\u015bcinno\u015bci, dbaj\u0105c o ka\u017cdy szczeg\u00f3\u0142 Twojej wizyty.\" \/>\n<meta property=\"og:url\" content=\"https:\/\/perfectstay.pl\/de\/atrakcje\/\" \/>\n<meta property=\"og:site_name\" content=\"Perfect Stay\" \/>\n<meta property=\"article:modified_time\" content=\"2024-11-15T09:14:13+00:00\" \/>\n<meta property=\"og:image\" content=\"https:\/\/perfectstay.pl\/wp-content\/uploads\/2024\/04\/torun-5955792_1920.jpg\" \/>\n\t<meta property=\"og:image:width\" content=\"1920\" \/>\n\t<meta property=\"og:image:height\" content=\"779\" \/>\n\t<meta property=\"og:image:type\" content=\"image\/jpeg\" \/>\n<meta name=\"twitter:card\" content=\"summary_large_image\" \/>\n<meta name=\"twitter:label1\" content=\"Gesch\u00e4tzte Lesezeit\" \/>\n\t<meta name=\"twitter:data1\" content=\"4\u00a0Minuten\" \/>\n<script type=\"application\/ld+json\" class=\"yoast-schema-graph\">{\"@context\":\"https:\/\/schema.org\",\"@graph\":[{\"@type\":\"WebPage\",\"@id\":\"https:\/\/perfectstay.pl\/atrakcje\/\",\"url\":\"https:\/\/perfectstay.pl\/atrakcje\/\",\"name\":\"Atrakcje - Perfect Stay - Apartamenty w Toruniu\",\"isPartOf\":{\"@id\":\"https:\/\/perfectstay.pl\/#website\"},\"primaryImageOfPage\":{\"@id\":\"https:\/\/perfectstay.pl\/atrakcje\/#primaryimage\"},\"image\":{\"@id\":\"https:\/\/perfectstay.pl\/atrakcje\/#primaryimage\"},\"thumbnailUrl\":\"https:\/\/perfectstay.pl\/wp-content\/uploads\/2024\/04\/torun-5955792_1920.jpg\",\"datePublished\":\"2022-02-02T09:36:34+00:00\",\"dateModified\":\"2024-11-15T09:14:13+00:00\",\"description\":\"W Perfect Stay dbamy o to, by Tw\u00f3j pobyt by\u0142 wyj\u0105tkowy od momentu przyjazdu, a\u017c do ostatniej chwili. Specjalizujemy si\u0119 w zapewnianiu wyj\u0105tkowych do\u015bwiadcze\u0144 go\u015bcinno\u015bci, dbaj\u0105c o ka\u017cdy szczeg\u00f3\u0142 Twojej wizyty.\",\"breadcrumb\":{\"@id\":\"https:\/\/perfectstay.pl\/atrakcje\/#breadcrumb\"},\"inLanguage\":\"de\",\"potentialAction\":[{\"@type\":\"ReadAction\",\"target\":[\"https:\/\/perfectstay.pl\/atrakcje\/\"]}]},{\"@type\":\"ImageObject\",\"inLanguage\":\"de\",\"@id\":\"https:\/\/perfectstay.pl\/atrakcje\/#primaryimage\",\"url\":\"https:\/\/perfectstay.pl\/wp-content\/uploads\/2024\/04\/torun-5955792_1920.jpg\",\"contentUrl\":\"https:\/\/perfectstay.pl\/wp-content\/uploads\/2024\/04\/torun-5955792_1920.jpg\",\"width\":1920,\"height\":779},{\"@type\":\"BreadcrumbList\",\"@id\":\"https:\/\/perfectstay.pl\/atrakcje\/#breadcrumb\",\"itemListElement\":[{\"@type\":\"ListItem\",\"position\":1,\"name\":\"Strona g\u0142\u00f3wna\",\"item\":\"https:\/\/perfectstay.pl\/\"},{\"@type\":\"ListItem\",\"position\":2,\"name\":\"Atrakcje\"}]},{\"@type\":\"WebSite\",\"@id\":\"https:\/\/perfectstay.pl\/#website\",\"url\":\"https:\/\/perfectstay.pl\/\",\"name\":\"Perfect Stay\",\"description\":\"Apartamenty w Toruniu\",\"potentialAction\":[{\"@type\":\"SearchAction\",\"target\":{\"@type\":\"EntryPoint\",\"urlTemplate\":\"https:\/\/perfectstay.pl\/?s={search_term_string}\"},\"query-input\":{\"@type\":\"PropertyValueSpecification\",\"valueRequired\":true,\"valueName\":\"search_term_string\"}}],\"inLanguage\":\"de\"}]}<\/script>\n<!-- \/ Yoast SEO plugin. -->","yoast_head_json":{"title":"Atrakcje - Perfect Stay - Apartamenty w Toruniu","description":"W Perfect Stay dbamy o to, by Tw\u00f3j pobyt by\u0142 wyj\u0105tkowy od momentu przyjazdu, a\u017c do ostatniej chwili. Specjalizujemy si\u0119 w zapewnianiu wyj\u0105tkowych do\u015bwiadcze\u0144 go\u015bcinno\u015bci, dbaj\u0105c o ka\u017cdy szczeg\u00f3\u0142 Twojej wizyty.","robots":{"index":"index","follow":"follow","max-snippet":"max-snippet:-1","max-image-preview":"max-image-preview:large","max-video-preview":"max-video-preview:-1"},"canonical":"https:\/\/perfectstay.pl\/de\/atrakcje\/","og_locale":"de_DE","og_type":"article","og_title":"Atrakcje - Perfect Stay - Apartamenty w Toruniu","og_description":"W Perfect Stay dbamy o to, by Tw\u00f3j pobyt by\u0142 wyj\u0105tkowy od momentu przyjazdu, a\u017c do ostatniej chwili. Specjalizujemy si\u0119 w zapewnianiu wyj\u0105tkowych do\u015bwiadcze\u0144 go\u015bcinno\u015bci, dbaj\u0105c o ka\u017cdy szczeg\u00f3\u0142 Twojej wizyty.","og_url":"https:\/\/perfectstay.pl\/de\/atrakcje\/","og_site_name":"Perfect Stay","article_modified_time":"2024-11-15T09:14:13+00:00","og_image":[{"width":1920,"height":779,"url":"https:\/\/perfectstay.pl\/wp-content\/uploads\/2024\/04\/torun-5955792_1920.jpg","type":"image\/jpeg"}],"twitter_card":"summary_large_image","twitter_misc":{"Gesch\u00e4tzte Lesezeit":"4\u00a0Minuten"},"schema":{"@context":"https:\/\/schema.org","@graph":[{"@type":"WebPage","@id":"https:\/\/perfectstay.pl\/atrakcje\/","url":"https:\/\/perfectstay.pl\/atrakcje\/","name":"Atrakcje - Perfect Stay - Apartamenty w Toruniu","isPartOf":{"@id":"https:\/\/perfectstay.pl\/#website"},"primaryImageOfPage":{"@id":"https:\/\/perfectstay.pl\/atrakcje\/#primaryimage"},"image":{"@id":"https:\/\/perfectstay.pl\/atrakcje\/#primaryimage"},"thumbnailUrl":"https:\/\/perfectstay.pl\/wp-content\/uploads\/2024\/04\/torun-5955792_1920.jpg","datePublished":"2022-02-02T09:36:34+00:00","dateModified":"2024-11-15T09:14:13+00:00","description":"W Perfect Stay dbamy o to, by Tw\u00f3j pobyt by\u0142 wyj\u0105tkowy od momentu przyjazdu, a\u017c do ostatniej chwili. Specjalizujemy si\u0119 w zapewnianiu wyj\u0105tkowych do\u015bwiadcze\u0144 go\u015bcinno\u015bci, dbaj\u0105c o ka\u017cdy szczeg\u00f3\u0142 Twojej wizyty.","breadcrumb":{"@id":"https:\/\/perfectstay.pl\/atrakcje\/#breadcrumb"},"inLanguage":"de","potentialAction":[{"@type":"ReadAction","target":["https:\/\/perfectstay.pl\/atrakcje\/"]}]},{"@type":"ImageObject","inLanguage":"de","@id":"https:\/\/perfectstay.pl\/atrakcje\/#primaryimage","url":"https:\/\/perfectstay.pl\/wp-content\/uploads\/2024\/04\/torun-5955792_1920.jpg","contentUrl":"https:\/\/perfectstay.pl\/wp-content\/uploads\/2024\/04\/torun-5955792_1920.jpg","width":1920,"height":779},{"@type":"BreadcrumbList","@id":"https:\/\/perfectstay.pl\/atrakcje\/#breadcrumb","itemListElement":[{"@type":"ListItem","position":1,"name":"Strona g\u0142\u00f3wna","item":"https:\/\/perfectstay.pl\/"},{"@type":"ListItem","position":2,"name":"Atrakcje"}]},{"@type":"WebSite","@id":"https:\/\/perfectstay.pl\/#website","url":"https:\/\/perfectstay.pl\/","name":"Perfect Stay","description":"Apartamenty w Toruniu","potentialAction":[{"@type":"SearchAction","target":{"@type":"EntryPoint","urlTemplate":"https:\/\/perfectstay.pl\/?s={search_term_string}"},"query-input":{"@type":"PropertyValueSpecification","valueRequired":true,"valueName":"search_term_string"}}],"inLanguage":"de"}]}},"_links":{"self":[{"href":"https:\/\/perfectstay.pl\/de\/wp-json\/wp\/v2\/pages\/416","targetHints":{"allow":["GET"]}}],"collection":[{"href":"https:\/\/perfectstay.pl\/de\/wp-json\/wp\/v2\/pages"}],"about":[{"href":"https:\/\/perfectstay.pl\/de\/wp-json\/wp\/v2\/types\/page"}],"author":[{"embeddable":true,"href":"https:\/\/perfectstay.pl\/de\/wp-json\/wp\/v2\/users\/3"}],"replies":[{"embeddable":true,"href":"https:\/\/perfectstay.pl\/de\/wp-json\/wp\/v2\/comments?post=416"}],"version-history":[{"count":52,"href":"https:\/\/perfectstay.pl\/de\/wp-json\/wp\/v2\/pages\/416\/revisions"}],"predecessor-version":[{"id":1428,"href":"https:\/\/perfectstay.pl\/de\/wp-json\/wp\/v2\/pages\/416\/revisions\/1428"}],"wp:featuredmedia":[{"embeddable":true,"href":"https:\/\/perfectstay.pl\/de\/wp-json\/wp\/v2\/media\/1325"}],"wp:attachment":[{"href":"https:\/\/perfectstay.pl\/de\/wp-json\/wp\/v2\/media?parent=416"}],"curies":[{"name":"wp","href":"https:\/\/api.w.org\/{rel}","templated":true}]}}