{"id":161,"date":"2021-12-21T13:01:52","date_gmt":"2021-12-21T12:01:52","guid":{"rendered":"https:\/\/perfectstay.nfhotel.usermd.net\/?page_id=161"},"modified":"2023-12-13T15:53:51","modified_gmt":"2023-12-13T14:53:51","slug":"polityka-prywatnosci","status":"publish","type":"page","link":"https:\/\/perfectstay.pl\/en\/polityka-prywatnosci\/","title":{"rendered":"Privacy Policy"},"content":{"rendered":"<section id=\"section-2-137\" class=\"ct-section\" style=\"background-image:linear-gradient(rgba(0,0,0,0.4), rgba(0,0,0,0.4)), url(https:\/\/perfectstay.pl\/wp-content\/uploads\/2023\/12\/Projekt-bez-nazwy.png);background-size:auto,  cover;\" ><div class=\"ct-section-inner-wrap\"><div id=\"div_block-54-161\" class=\"ct-div-block hero\" ><h1 id=\"headline-55-161\" class=\"ct-headline hero-title homePage\">Cookies<\/h1><div id=\"text_block-56-161\" class=\"ct-text-block hero-text\" >Privacy Policy<\/div><div id=\"code_block-1-558\" class=\"ct-code-block\" ><\/div><\/div><\/div><\/section><section id=\"section-8-137\" class=\"ct-section\" ><div class=\"ct-section-inner-wrap\"><div id=\"div_block-48-161\" class=\"ct-div-block txt\" ><div id=\"text_block-53-161\" class=\"ct-text-block txt\" >1. Cookies, also known as &quot;cookies&quot;, are small text information sent by a website and saved on the User&#039;s device. They are created by the browser when a given page is visited. They can be used when visiting the page again.<br>Cookies are not used to identify users and their identity is not determined on their basis.<br><br>2. They are used for:<br><br>remember your site preferences<br>creating anonymous website visitor statistics<br>creating a history of pages viewed.<br><br>They allow you to realistically assess interest in the service.<br><br>3. Our website uses cookies to create anonymous website visitor statistics.<br>Information is collected using the Google Analytics script.<br><br>Our website does not collect information that could be used to identify the User.<br><br>4. Software used to browse websites stores cookies on the user&#039;s end device by default. Browser users can change cookie settings to automatically block the use of cookies.<br>Changing the settings may limit some of the functionalities available on the website.<br>Cookies can also be deleted from your computer&#039;s hard drive at any time.<\/div><\/div><\/div><\/section>","protected":false},"excerpt":{"rendered":"","protected":false},"author":3,"featured_media":1284,"parent":0,"menu_order":0,"comment_status":"closed","ping_status":"closed","template":"","meta":{"_acf_changed":false,"footnotes":""},"class_list":["post-161","page","type-page","status-publish","has-post-thumbnail","hentry"],"acf":[],"yoast_head":"<!-- This site is optimized with the Yoast SEO plugin v25.2 - https:\/\/yoast.com\/wordpress\/plugins\/seo\/ -->\n<title>Polityka Prywatno\u015bci - Perfect Stay - Apartamenty w Toruniu<\/title>\n<meta name=\"description\" content=\"W Perfect Stay dbamy o to, by Tw\u00f3j pobyt by\u0142 wyj\u0105tkowy od momentu przyjazdu, a\u017c do ostatniej chwili. Specjalizujemy si\u0119 w zapewnianiu wyj\u0105tkowych do\u015bwiadcze\u0144 go\u015bcinno\u015bci, dbaj\u0105c o ka\u017cdy szczeg\u00f3\u0142 Twojej wizyty.\" \/>\n<meta name=\"robots\" content=\"noindex, nofollow\" \/>\n<meta property=\"og:locale\" content=\"en_GB\" \/>\n<meta property=\"og:type\" content=\"article\" \/>\n<meta property=\"og:title\" content=\"Polityka Prywatno\u015bci - Perfect Stay - Apartamenty w Toruniu\" \/>\n<meta property=\"og:description\" content=\"W Perfect Stay dbamy o to, by Tw\u00f3j pobyt by\u0142 wyj\u0105tkowy od momentu przyjazdu, a\u017c do ostatniej chwili. Specjalizujemy si\u0119 w zapewnianiu wyj\u0105tkowych do\u015bwiadcze\u0144 go\u015bcinno\u015bci, dbaj\u0105c o ka\u017cdy szczeg\u00f3\u0142 Twojej wizyty.\" \/>\n<meta property=\"og:url\" content=\"https:\/\/perfectstay.pl\/en\/polityka-prywatnosci\/\" \/>\n<meta property=\"og:site_name\" content=\"Perfect Stay\" \/>\n<meta property=\"article:modified_time\" content=\"2023-12-13T14:53:51+00:00\" \/>\n<meta property=\"og:image\" content=\"https:\/\/perfectstay.pl\/wp-content\/uploads\/2023\/12\/Projekt-bez-nazwy.png\" \/>\n\t<meta property=\"og:image:width\" content=\"1920\" \/>\n\t<meta property=\"og:image:height\" content=\"1080\" \/>\n\t<meta property=\"og:image:type\" content=\"image\/png\" \/>\n<meta name=\"twitter:card\" content=\"summary_large_image\" \/>\n<meta name=\"twitter:label1\" content=\"Estimated reading time\" \/>\n\t<meta name=\"twitter:data1\" content=\"2 minutes\" \/>\n<script type=\"application\/ld+json\" class=\"yoast-schema-graph\">{\"@context\":\"https:\/\/schema.org\",\"@graph\":[{\"@type\":\"WebPage\",\"@id\":\"https:\/\/perfectstay.pl\/polityka-prywatnosci\/\",\"url\":\"https:\/\/perfectstay.pl\/polityka-prywatnosci\/\",\"name\":\"Polityka Prywatno\u015bci - Perfect Stay - Apartamenty w Toruniu\",\"isPartOf\":{\"@id\":\"https:\/\/perfectstay.pl\/#website\"},\"primaryImageOfPage\":{\"@id\":\"https:\/\/perfectstay.pl\/polityka-prywatnosci\/#primaryimage\"},\"image\":{\"@id\":\"https:\/\/perfectstay.pl\/polityka-prywatnosci\/#primaryimage\"},\"thumbnailUrl\":\"https:\/\/perfectstay.pl\/wp-content\/uploads\/2023\/12\/Projekt-bez-nazwy.png\",\"datePublished\":\"2021-12-21T12:01:52+00:00\",\"dateModified\":\"2023-12-13T14:53:51+00:00\",\"description\":\"W Perfect Stay dbamy o to, by Tw\u00f3j pobyt by\u0142 wyj\u0105tkowy od momentu przyjazdu, a\u017c do ostatniej chwili. Specjalizujemy si\u0119 w zapewnianiu wyj\u0105tkowych do\u015bwiadcze\u0144 go\u015bcinno\u015bci, dbaj\u0105c o ka\u017cdy szczeg\u00f3\u0142 Twojej wizyty.\",\"breadcrumb\":{\"@id\":\"https:\/\/perfectstay.pl\/polityka-prywatnosci\/#breadcrumb\"},\"inLanguage\":\"en-GB\",\"potentialAction\":[{\"@type\":\"ReadAction\",\"target\":[\"https:\/\/perfectstay.pl\/polityka-prywatnosci\/\"]}]},{\"@type\":\"ImageObject\",\"inLanguage\":\"en-GB\",\"@id\":\"https:\/\/perfectstay.pl\/polityka-prywatnosci\/#primaryimage\",\"url\":\"https:\/\/perfectstay.pl\/wp-content\/uploads\/2023\/12\/Projekt-bez-nazwy.png\",\"contentUrl\":\"https:\/\/perfectstay.pl\/wp-content\/uploads\/2023\/12\/Projekt-bez-nazwy.png\",\"width\":1920,\"height\":1080,\"caption\":\"Toru\u0144 noc\u0105\"},{\"@type\":\"BreadcrumbList\",\"@id\":\"https:\/\/perfectstay.pl\/polityka-prywatnosci\/#breadcrumb\",\"itemListElement\":[{\"@type\":\"ListItem\",\"position\":1,\"name\":\"Strona g\u0142\u00f3wna\",\"item\":\"https:\/\/perfectstay.pl\/\"},{\"@type\":\"ListItem\",\"position\":2,\"name\":\"Polityka Prywatno\u015bci\"}]},{\"@type\":\"WebSite\",\"@id\":\"https:\/\/perfectstay.pl\/#website\",\"url\":\"https:\/\/perfectstay.pl\/\",\"name\":\"Perfect Stay\",\"description\":\"Apartamenty w Toruniu\",\"potentialAction\":[{\"@type\":\"SearchAction\",\"target\":{\"@type\":\"EntryPoint\",\"urlTemplate\":\"https:\/\/perfectstay.pl\/?s={search_term_string}\"},\"query-input\":{\"@type\":\"PropertyValueSpecification\",\"valueRequired\":true,\"valueName\":\"search_term_string\"}}],\"inLanguage\":\"en-GB\"}]}<\/script>\n<!-- \/ Yoast SEO plugin. -->","yoast_head_json":{"title":"Polityka Prywatno\u015bci - Perfect Stay - Apartamenty w Toruniu","description":"W Perfect Stay dbamy o to, by Tw\u00f3j pobyt by\u0142 wyj\u0105tkowy od momentu przyjazdu, a\u017c do ostatniej chwili. Specjalizujemy si\u0119 w zapewnianiu wyj\u0105tkowych do\u015bwiadcze\u0144 go\u015bcinno\u015bci, dbaj\u0105c o ka\u017cdy szczeg\u00f3\u0142 Twojej wizyty.","robots":{"index":"noindex","follow":"nofollow"},"og_locale":"en_GB","og_type":"article","og_title":"Polityka Prywatno\u015bci - Perfect Stay - Apartamenty w Toruniu","og_description":"W Perfect Stay dbamy o to, by Tw\u00f3j pobyt by\u0142 wyj\u0105tkowy od momentu przyjazdu, a\u017c do ostatniej chwili. Specjalizujemy si\u0119 w zapewnianiu wyj\u0105tkowych do\u015bwiadcze\u0144 go\u015bcinno\u015bci, dbaj\u0105c o ka\u017cdy szczeg\u00f3\u0142 Twojej wizyty.","og_url":"https:\/\/perfectstay.pl\/en\/polityka-prywatnosci\/","og_site_name":"Perfect Stay","article_modified_time":"2023-12-13T14:53:51+00:00","og_image":[{"width":1920,"height":1080,"url":"https:\/\/perfectstay.pl\/wp-content\/uploads\/2023\/12\/Projekt-bez-nazwy.png","type":"image\/png"}],"twitter_card":"summary_large_image","twitter_misc":{"Estimated reading time":"2 minutes"},"schema":{"@context":"https:\/\/schema.org","@graph":[{"@type":"WebPage","@id":"https:\/\/perfectstay.pl\/polityka-prywatnosci\/","url":"https:\/\/perfectstay.pl\/polityka-prywatnosci\/","name":"Polityka Prywatno\u015bci - Perfect Stay - Apartamenty w Toruniu","isPartOf":{"@id":"https:\/\/perfectstay.pl\/#website"},"primaryImageOfPage":{"@id":"https:\/\/perfectstay.pl\/polityka-prywatnosci\/#primaryimage"},"image":{"@id":"https:\/\/perfectstay.pl\/polityka-prywatnosci\/#primaryimage"},"thumbnailUrl":"https:\/\/perfectstay.pl\/wp-content\/uploads\/2023\/12\/Projekt-bez-nazwy.png","datePublished":"2021-12-21T12:01:52+00:00","dateModified":"2023-12-13T14:53:51+00:00","description":"W Perfect Stay dbamy o to, by Tw\u00f3j pobyt by\u0142 wyj\u0105tkowy od momentu przyjazdu, a\u017c do ostatniej chwili. Specjalizujemy si\u0119 w zapewnianiu wyj\u0105tkowych do\u015bwiadcze\u0144 go\u015bcinno\u015bci, dbaj\u0105c o ka\u017cdy szczeg\u00f3\u0142 Twojej wizyty.","breadcrumb":{"@id":"https:\/\/perfectstay.pl\/polityka-prywatnosci\/#breadcrumb"},"inLanguage":"en-GB","potentialAction":[{"@type":"ReadAction","target":["https:\/\/perfectstay.pl\/polityka-prywatnosci\/"]}]},{"@type":"ImageObject","inLanguage":"en-GB","@id":"https:\/\/perfectstay.pl\/polityka-prywatnosci\/#primaryimage","url":"https:\/\/perfectstay.pl\/wp-content\/uploads\/2023\/12\/Projekt-bez-nazwy.png","contentUrl":"https:\/\/perfectstay.pl\/wp-content\/uploads\/2023\/12\/Projekt-bez-nazwy.png","width":1920,"height":1080,"caption":"Toru\u0144 noc\u0105"},{"@type":"BreadcrumbList","@id":"https:\/\/perfectstay.pl\/polityka-prywatnosci\/#breadcrumb","itemListElement":[{"@type":"ListItem","position":1,"name":"Strona g\u0142\u00f3wna","item":"https:\/\/perfectstay.pl\/"},{"@type":"ListItem","position":2,"name":"Polityka Prywatno\u015bci"}]},{"@type":"WebSite","@id":"https:\/\/perfectstay.pl\/#website","url":"https:\/\/perfectstay.pl\/","name":"Perfect Stay","description":"Apartamenty w Toruniu","potentialAction":[{"@type":"SearchAction","target":{"@type":"EntryPoint","urlTemplate":"https:\/\/perfectstay.pl\/?s={search_term_string}"},"query-input":{"@type":"PropertyValueSpecification","valueRequired":true,"valueName":"search_term_string"}}],"inLanguage":"en-GB"}]}},"_links":{"self":[{"href":"https:\/\/perfectstay.pl\/en\/wp-json\/wp\/v2\/pages\/161","targetHints":{"allow":["GET"]}}],"collection":[{"href":"https:\/\/perfectstay.pl\/en\/wp-json\/wp\/v2\/pages"}],"about":[{"href":"https:\/\/perfectstay.pl\/en\/wp-json\/wp\/v2\/types\/page"}],"author":[{"embeddable":true,"href":"https:\/\/perfectstay.pl\/en\/wp-json\/wp\/v2\/users\/3"}],"replies":[{"embeddable":true,"href":"https:\/\/perfectstay.pl\/en\/wp-json\/wp\/v2\/comments?post=161"}],"version-history":[{"count":5,"href":"https:\/\/perfectstay.pl\/en\/wp-json\/wp\/v2\/pages\/161\/revisions"}],"predecessor-version":[{"id":1429,"href":"https:\/\/perfectstay.pl\/en\/wp-json\/wp\/v2\/pages\/161\/revisions\/1429"}],"wp:featuredmedia":[{"embeddable":true,"href":"https:\/\/perfectstay.pl\/en\/wp-json\/wp\/v2\/media\/1284"}],"wp:attachment":[{"href":"https:\/\/perfectstay.pl\/en\/wp-json\/wp\/v2\/media?parent=161"}],"curies":[{"name":"wp","href":"https:\/\/api.w.org\/{rel}","templated":true}]}}